{"id":1671,"date":"2019-04-29T17:55:15","date_gmt":"2019-04-29T15:55:15","guid":{"rendered":"http:\/\/frenehard-michaux.bb-b.net\/kontakt\/"},"modified":"2019-04-29T17:55:30","modified_gmt":"2019-04-29T15:55:30","slug":"kontakt","status":"publish","type":"page","link":"https:\/\/frenehard-michaux.bb-b.net\/de\/kontakt\/","title":{"rendered":"Kontakt"},"content":{"rendered":"<div id='av-layout-grid-1'  class='av-layout-grid-container entry-content-wrapper alternate_color av-flex-cells     avia-builder-el-0  el_before_av_layout_row  avia-builder-el-first  container_wrap sidebar_right' style=' '  >\n<div class=\"flex_cell no_margin av_one_full  avia-builder-el-1  avia-builder-el-no-sibling   av-zero-padding \"  style='height:30px; min-height:30px;vertical-align:top; padding:0px; ' ><div class='flex_cell_inner' ><\/div><\/div>\n<\/div>\n<div id='av-layout-grid-2'  class='av-layout-grid-container entry-content-wrapper main_color av-flex-cells     avia-builder-el-2  el_after_av_layout_row  el_before_av_layout_row  submenu-not-first container_wrap sidebar_right' style=' '  >\n<div class=\"flex_cell no_margin av_one_third  avia-builder-el-3  el_before_av_cell_one_third  avia-builder-el-first   avia-full-stretch av-hide-on-mobile  \"  style='background:url(https:\/\/frenehard-michaux.bb-b.net\/wp-content\/uploads\/2017\/02\/140912_326_Photo_D-Eskenazi-1.jpg) center center no-repeat scroll; vertical-align:top; padding:5%; background-color:#ffffff; ' ><div class='flex_cell_inner' ><\/div><\/div><div class=\"flex_cell no_margin av_one_third  avia-builder-el-4  el_after_av_cell_one_third  el_before_av_cell_one_third   \"  style='vertical-align:top; padding:5%; background-color:#e8e9ec; ' ><div class='flex_cell_inner' ><p><div  style='padding-bottom:10px; ' class='av-special-heading av-special-heading-h2  blockquote modern-quote  avia-builder-el-5  el_before_av_textblock  avia-builder-el-first  '><h2 class='av-special-heading-tag '  itemprop=\"headline\"  >Kontaktieren Sie uns<\/h2><div class='special-heading-border'><div class='special-heading-inner-border' ><\/div><\/div><\/div><br \/>\n<section class=\"av_textblock_section \"  itemscope=\"itemscope\" itemtype=\"https:\/\/schema.org\/CreativeWork\" ><div class='avia_textblock  '   itemprop=\"text\" ><p>Sie haben Fragen oder Anregungen oder m\u00f6chten eine Bemerkung machen? Sie k\u00f6nnen uns gerne telefonisch oder per E-Mail kontaktieren oder das Kontaktformular benutzen.<\/p>\n<p>Telefon: +33 2 33 84 21 21<\/p>\n<p>E-Mail\u00a0: <a href=\"mailto:infocom@frenehard-michaux.com\">contact@frenehard.com<\/a><\/p>\n<\/div><\/section><br \/>\n<div  class='av-social-sharing-box  avia-builder-el-7  el_after_av_textblock  avia-builder-el-last  '><div class='av-share-box'><ul class='av-share-box-list noLightbox'><li class='av-share-link av-social-link-facebook' ><a target=\"_blank\" aria-label=\"Teilen auf Facebook\" href='https:\/\/www.facebook.com\/sharer.php?u=https:\/\/frenehard-michaux.bb-b.net\/de\/kontakt\/&#038;t=Kontakt' aria-hidden='false' data-av_icon='\ue8f3' data-av_iconfont='entypo-fontello' title='' data-avia-related-tooltip='Teilen auf Facebook' rel=\"noopener\"><span class='avia_hidden_link_text'>Teilen auf Facebook<\/span><\/a><\/li><li class='av-share-link av-social-link-twitter' ><a target=\"_blank\" aria-label=\"Teilen auf Twitter\" href='https:\/\/twitter.com\/share?text=Kontakt&#038;url=https:\/\/frenehard-michaux.bb-b.net\/de\/?p=1671' aria-hidden='false' data-av_icon='\ue8f1' data-av_iconfont='entypo-fontello' title='' data-avia-related-tooltip='Teilen auf Twitter' rel=\"noopener\"><span class='avia_hidden_link_text'>Teilen auf Twitter<\/span><\/a><\/li><li class='av-share-link av-social-link-linkedin' ><a target=\"_blank\" aria-label=\"Teilen auf LinkedIn\" href='https:\/\/linkedin.com\/shareArticle?mini=true&#038;title=Kontakt&#038;url=https:\/\/frenehard-michaux.bb-b.net\/de\/kontakt\/' aria-hidden='false' data-av_icon='\ue8fc' data-av_iconfont='entypo-fontello' title='' data-avia-related-tooltip='Teilen auf LinkedIn' rel=\"noopener\"><span class='avia_hidden_link_text'>Teilen auf LinkedIn<\/span><\/a><\/li><li class='av-share-link av-social-link-mail' ><a  aria-label=\"Per E-Mail teilen\" href='mailto:?subject=Kontakt&#038;body=https:\/\/frenehard-michaux.bb-b.net\/de\/kontakt\/' aria-hidden='false' data-av_icon='\ue805' data-av_iconfont='entypo-fontello' title='' data-avia-related-tooltip='Per E-Mail teilen'><span class='avia_hidden_link_text'>Per E-Mail teilen<\/span><\/a><\/li><\/ul><\/div><\/div><\/p>\n<\/div><\/div><div class=\"flex_cell no_margin av_one_third  avia-builder-el-8  el_after_av_cell_one_third  avia-builder-el-last   \"  style='vertical-align:top; padding:5% 5% 1% 5% ; background-color:#e8e9ec; ' ><div class='flex_cell_inner' ><form action=\"https:\/\/frenehard-michaux.bb-b.net\/de\/kontakt\/\" method=\"post\"  class=\"avia_ajax_form av-form-labels-visible   avia-builder-el-9  avia-builder-el-no-sibling   \" data-avia-form-id=\"1\" data-avia-redirect='' ><fieldset><p class='  first_form  form_element form_fullwidth' id='element_avia_1_1'><label for=\"avia_1_1\">Name <abbr class=\"required\" title=\"ben\u00f6tigt\">*<\/abbr><\/label> <input name=\"avia_1_1\" class=\"text_input is_empty\" type=\"text\" id=\"avia_1_1\" value=\"\" \/><\/p><p class='  first_form  form_element form_fullwidth' id='element_avia_2_1'><label for=\"avia_2_1\">E-Mail-Adresse <abbr class=\"required\" title=\"ben\u00f6tigt\">*<\/abbr><\/label> <input name=\"avia_2_1\" class=\"text_input is_email\" type=\"text\" id=\"avia_2_1\" value=\"\" \/><\/p><p class='  first_form  form_element form_fullwidth' id='element_avia_3_1'><label for=\"avia_3_1\">Betreff <abbr class=\"required\" title=\"ben\u00f6tigt\">*<\/abbr><\/label> <input name=\"avia_3_1\" class=\"text_input is_empty\" type=\"text\" id=\"avia_3_1\" value=\"\" \/><\/p><p class='  first_form  form_element form_fullwidth' id='element_avia_4_1'><label for=\"avia_4_1\" class=\"textare_label hidden textare_label_avia_4_1\">Nachricht <abbr class=\"required\" title=\"ben\u00f6tigt\">*<\/abbr><\/label><textarea  name=\"avia_4_1\" class=\"text_area is_empty\" cols=\"40\" rows=\"7\" id=\"avia_4_1\" ><\/textarea><\/p><p class=' first_form  form_element form_fullwidth av-last-visible-form-element' id='element_avia_5_1'>    <input  name=\"avia_5_1\" class=\"input_checkbox is_empty\" type=\"checkbox\" id=\"avia_5_1\" value=\"true\"\/><label class=\"input_checkbox_label\" for=\"avia_5_1\">Mit dem Absenden dieses Formulars erkl\u00e4ren Sie sich damit einverstanden, dass wir die eingegebenen Daten verwenden und dazu nutzen, mit Ihnen in Verbindung zu treten <abbr class=\"required\" title=\"ben\u00f6tigt\">*<\/abbr><\/label><\/p><p class=\"hidden\"><input type=\"text\" name=\"avia_6_1\" class=\"hidden \" id=\"avia_6_1\" value=\"\" \/><\/p><p class=\"form_element \"><input type=\"hidden\" value=\"1\" name=\"avia_generated_form1\" \/><input type=\"submit\" value=\"Best\u00e4tigen\" class=\"button\"  data-sending-label=\"Sende\"\/><\/p><\/fieldset><\/form><div id=\"ajaxresponse_1\" class=\"ajaxresponse ajaxresponse_1 hidden\"><\/div>\n<\/div><\/div><\/div><div id='av-layout-grid-3'  class='av-layout-grid-container entry-content-wrapper alternate_color av-flex-cells     avia-builder-el-10  el_after_av_layout_row  el_before_av_layout_row  submenu-not-first container_wrap sidebar_right' style=' '  >\n<div class=\"flex_cell no_margin av_one_full  avia-builder-el-11  avia-builder-el-no-sibling   av-zero-padding \"  style='height:30px; min-height:30px;vertical-align:top; padding:0px; ' ><div class='flex_cell_inner' ><\/div><\/div>\n<\/div><\/p>\n<div id='av-layout-grid-4'  class='av-layout-grid-container entry-content-wrapper main_color av-flex-cells     avia-builder-el-12  el_after_av_layout_row  avia-builder-el-last  submenu-not-first container_wrap sidebar_right' style=' '  >\n<div class=\"flex_cell no_margin av_one_third  avia-builder-el-13  el_before_av_cell_two_third  avia-builder-el-first   \"  style='vertical-align:top; padding:8% 5% 8% 5% ; background-color:#002e42; ' ><div class='flex_cell_inner' ><p><div  style='padding-bottom:10px; color:#ffffff;' class='av-special-heading av-special-heading-h2 custom-color-heading blockquote modern-quote  avia-builder-el-14  el_before_av_textblock  avia-builder-el-first  '><h2 class='av-special-heading-tag '  itemprop=\"headline\"  >Jobs<\/h2><div class='special-heading-border'><div class='special-heading-inner-border' style='border-color:#ffffff'><\/div><\/div><\/div><br \/>\n<section class=\"av_textblock_section \"  itemscope=\"itemscope\" itemtype=\"https:\/\/schema.org\/CreativeWork\" ><div class='avia_textblock  av_inherit_color '  style='color:#ffffff; '  itemprop=\"text\" ><p>Fr\u00e9n\u00e9hard &#038; Michaux ist eine anspruchsvolle Industriegruppe. Die Unternehmen der Gruppe verf\u00fcgen auf dem Gebiet der Metallurgie \u00fcber ein erstklassiges Know-how. Wir sind stolz auf die geleistete Arbeit und darauf, die Herausforderungen, die vor uns liegen, gemeinsam zu meistern. Wir bieten unseren Mitarbeitern die Stabilit\u00e4t und die konstante Vision eines engagierten Familienunternehmens. Wir freuen uns auf Ihre Bewerbung, die wir sorgf\u00e4ltig pr\u00fcfen werden.<\/p>\n<\/div><\/section><br \/>\n<div  class='avia-button-wrap avia-button-left  avia-builder-el-16  el_after_av_textblock  avia-builder-el-last ' ><a href='mailto:infocom@frenehard-michaux.com'  class='avia-button  avia-color-theme-color   avia-icon_select-yes-left-icon avia-size-large avia-position-left '   ><span class='avia_button_icon avia_button_icon_left ' aria-hidden='true' data-av_icon='\ue832' data-av_iconfont='entypo-fontello'><\/span><span class='avia_iconbox_title' >Bewerben<\/span><\/a><\/div><\/p>\n<\/div><\/div><div class=\"flex_cell no_margin av_two_third  avia-builder-el-17  el_after_av_cell_one_third  avia-builder-el-last   avia-full-stretch av-hide-on-mobile  \"  style='background:url(https:\/\/frenehard-michaux.bb-b.net\/wp-content\/uploads\/2017\/02\/recrutement-frenehard.jpg) center center no-repeat scroll; vertical-align:top; padding:5%; ' ><div class='flex_cell_inner' ><\/div><\/div>\n<\/div>\n","protected":false},"excerpt":{"rendered":"","protected":false},"author":1,"featured_media":0,"parent":0,"menu_order":6,"comment_status":"closed","ping_status":"closed","template":"","meta":{"footnotes":""},"class_list":["post-1671","page","type-page","status-publish","hentry"],"yoast_head":"<!-- This site is optimized with the Yoast SEO plugin v15.1.1 - https:\/\/yoast.com\/wordpress\/plugins\/seo\/ -->\n<title>Kontakt - Frenehard &amp; Michaux<\/title>\n<meta name=\"robots\" content=\"noindex, follow, max-snippet:-1, max-image-preview:large, max-video-preview:-1\" \/>\n<meta property=\"og:locale\" content=\"de_DE\" \/>\n<meta property=\"og:type\" content=\"article\" \/>\n<meta property=\"og:title\" content=\"Kontakt - Frenehard &amp; Michaux\" \/>\n<meta property=\"og:url\" content=\"https:\/\/frenehard-michaux.bb-b.net\/de\/kontakt\/\" \/>\n<meta property=\"og:site_name\" content=\"Frenehard &amp; Michaux\" \/>\n<meta property=\"article:publisher\" content=\"https:\/\/www.facebook.com\/ets.frenehard.michaux?fref=ts\" \/>\n<meta property=\"article:modified_time\" content=\"2019-04-29T15:55:30+00:00\" \/>\n<meta name=\"twitter:card\" content=\"summary\" \/>\n<meta name=\"twitter:creator\" content=\"@Ets_FM\" \/>\n<meta name=\"twitter:site\" content=\"@Ets_FM\" \/>\n<script type=\"application\/ld+json\" class=\"yoast-schema-graph\">{\"@context\":\"https:\/\/schema.org\",\"@graph\":[{\"@type\":\"Organization\",\"@id\":\"https:\/\/frenehard-michaux.bb-b.net\/de\/#organization\",\"name\":\"Frenehard & Michaux\",\"url\":\"https:\/\/frenehard-michaux.bb-b.net\/de\/\",\"sameAs\":[\"https:\/\/www.facebook.com\/ets.frenehard.michaux?fref=ts\",\"https:\/\/fr.linkedin.com\/company\/frenehard-&amp;-michaux\",\"https:\/\/www.youtube.com\/channel\/UC79q9bYcPAxDUTFrqHPLOFA\",\"https:\/\/twitter.com\/Ets_FM\"],\"logo\":{\"@type\":\"ImageObject\",\"@id\":\"https:\/\/frenehard-michaux.bb-b.net\/de\/#logo\",\"inLanguage\":\"de\",\"url\":\"https:\/\/frenehard-michaux.bb-b.net\/wp-content\/uploads\/2017\/02\/Logo_Frenehard-Michaux-2.png\",\"width\":680,\"height\":138,\"caption\":\"Frenehard & Michaux\"},\"image\":{\"@id\":\"https:\/\/frenehard-michaux.bb-b.net\/de\/#logo\"}},{\"@type\":\"WebSite\",\"@id\":\"https:\/\/frenehard-michaux.bb-b.net\/de\/#website\",\"url\":\"https:\/\/frenehard-michaux.bb-b.net\/de\/\",\"name\":\"Frenehard &amp; Michaux\",\"description\":\"Artub, Comabi, Fr\\u00e9n\\u00e9hard, Roy, S\\u00e9curigard, Skyworks, Tendo, Tubesca\",\"publisher\":{\"@id\":\"https:\/\/frenehard-michaux.bb-b.net\/de\/#organization\"},\"potentialAction\":[{\"@type\":\"SearchAction\",\"target\":\"https:\/\/frenehard-michaux.bb-b.net\/de\/?s={search_term_string}\",\"query-input\":\"required name=search_term_string\"}],\"inLanguage\":\"de\"},{\"@type\":\"WebPage\",\"@id\":\"https:\/\/frenehard-michaux.bb-b.net\/de\/kontakt\/#webpage\",\"url\":\"https:\/\/frenehard-michaux.bb-b.net\/de\/kontakt\/\",\"name\":\"Kontakt - Frenehard &amp; Michaux\",\"isPartOf\":{\"@id\":\"https:\/\/frenehard-michaux.bb-b.net\/de\/#website\"},\"datePublished\":\"2019-04-29T15:55:15+00:00\",\"dateModified\":\"2019-04-29T15:55:30+00:00\",\"inLanguage\":\"de\",\"potentialAction\":[{\"@type\":\"ReadAction\",\"target\":[\"https:\/\/frenehard-michaux.bb-b.net\/de\/kontakt\/\"]}]}]}<\/script>\n<!-- \/ Yoast SEO plugin. -->","_links":{"self":[{"href":"https:\/\/frenehard-michaux.bb-b.net\/de\/wp-json\/wp\/v2\/pages\/1671","targetHints":{"allow":["GET"]}}],"collection":[{"href":"https:\/\/frenehard-michaux.bb-b.net\/de\/wp-json\/wp\/v2\/pages"}],"about":[{"href":"https:\/\/frenehard-michaux.bb-b.net\/de\/wp-json\/wp\/v2\/types\/page"}],"author":[{"embeddable":true,"href":"https:\/\/frenehard-michaux.bb-b.net\/de\/wp-json\/wp\/v2\/users\/1"}],"replies":[{"embeddable":true,"href":"https:\/\/frenehard-michaux.bb-b.net\/de\/wp-json\/wp\/v2\/comments?post=1671"}],"version-history":[{"count":1,"href":"https:\/\/frenehard-michaux.bb-b.net\/de\/wp-json\/wp\/v2\/pages\/1671\/revisions"}],"predecessor-version":[{"id":1672,"href":"https:\/\/frenehard-michaux.bb-b.net\/de\/wp-json\/wp\/v2\/pages\/1671\/revisions\/1672"}],"wp:attachment":[{"href":"https:\/\/frenehard-michaux.bb-b.net\/de\/wp-json\/wp\/v2\/media?parent=1671"}],"curies":[{"name":"wp","href":"https:\/\/api.w.org\/{rel}","templated":true}]}}