{"id":1673,"date":"2019-04-29T17:55:17","date_gmt":"2019-04-29T15:55:17","guid":{"rendered":"http:\/\/frenehard-michaux.bb-b.net\/rechtliche-informationen\/"},"modified":"2019-04-29T17:55:30","modified_gmt":"2019-04-29T15:55:30","slug":"rechtliche-informationen","status":"publish","type":"page","link":"https:\/\/frenehard-michaux.bb-b.net\/de\/rechtliche-informationen\/","title":{"rendered":"Rechtliche Informationen"},"content":{"rendered":"<div class=\"flex_column av_one_half  flex_column_div av-zero-column-padding first  avia-builder-el-0  el_before_av_one_half  avia-builder-el-first  \" style='border-radius:0px; '><p><div  style='padding-bottom:10px; ' class='av-special-heading av-special-heading-h3  blockquote modern-quote  avia-builder-el-1  el_before_av_textblock  avia-builder-el-first  '><h3 class='av-special-heading-tag '  itemprop=\"headline\"  >Hauptsitz<\/h3><div class='special-heading-border'><div class='special-heading-inner-border' ><\/div><\/div><\/div><br \/>\n<section class=\"av_textblock_section \"  itemscope=\"itemscope\" itemtype=\"https:\/\/schema.org\/CreativeWork\" ><div class='avia_textblock  '   itemprop=\"text\" ><p>Frenehard &#038; Michaux Holding<br \/>\nBP 171<br \/>\n61305 L\u2019Aigle CEDEX<br \/>\nFrankreich<\/p>\n<p>+33 (0)2 33 84 21 21<br \/>\ncontact@frenehard.com<\/p>\n<\/div><\/section><br \/>\n<section class=\"av_textblock_section \"  itemscope=\"itemscope\" itemtype=\"https:\/\/schema.org\/CreativeWork\" ><div class='avia_textblock  '   itemprop=\"text\" ><p>Firmenname: Fr\u00e9n\u00e9hard et Michaux Holding<\/p>\n<p>Handelsregisternummer: RCS Alencon B 535 450 050<br \/>\nUst-Nummer: FR 92 535 450 050<\/p>\n<\/div><\/section><br \/>\n<div  style='padding-bottom:10px; ' class='av-special-heading av-special-heading-h3  blockquote modern-quote  avia-builder-el-4  el_after_av_textblock  el_before_av_textblock  '><h3 class='av-special-heading-tag '  itemprop=\"headline\"  >Herausgeber<\/h3><div class='special-heading-border'><div class='special-heading-inner-border' ><\/div><\/div><\/div><br \/>\n<section class=\"av_textblock_section \"  itemscope=\"itemscope\" itemtype=\"https:\/\/schema.org\/CreativeWork\" ><div class='avia_textblock  '   itemprop=\"text\" ><p>Joseph Miquel<\/p>\n<p>j.miquel@frenehard-michaux.com<\/p>\n<\/div><\/section><br \/>\n<div  style='padding-bottom:10px; ' class='av-special-heading av-special-heading-h3  blockquote modern-quote  avia-builder-el-6  el_after_av_textblock  el_before_av_textblock  '><h3 class='av-special-heading-tag '  itemprop=\"headline\"  >Hosting<\/h3><div class='special-heading-border'><div class='special-heading-inner-border' ><\/div><\/div><\/div><br \/>\n<section class=\"av_textblock_section \"  itemscope=\"itemscope\" itemtype=\"https:\/\/schema.org\/CreativeWork\" ><div class='avia_textblock  '   itemprop=\"text\" ><p>OVH<strong><br \/>\n<\/strong>2 Rue Kellermann<br \/>\n59100 Roubaix<br \/>\nFrankreich<\/p>\n<\/div><\/section><br \/>\n<div  style='padding-bottom:10px; ' class='av-special-heading av-special-heading-h3  blockquote modern-quote  avia-builder-el-8  el_after_av_textblock  el_before_av_textblock  '><h3 class='av-special-heading-tag '  itemprop=\"headline\"  >Geistiges Eigentum<\/h3><div class='special-heading-border'><div class='special-heading-inner-border' ><\/div><\/div><\/div><br \/>\n<section class=\"av_textblock_section \"  itemscope=\"itemscope\" itemtype=\"https:\/\/schema.org\/CreativeWork\" ><div class='avia_textblock  '   itemprop=\"text\" ><p>Der Inhalt der Website, ihre allgemeine Struktur, die Texte, die bewegten oder statischen Bilder und die Klangelemente, aus denen diese Website besteht, sind unser alleiniges Eigentum. Jede vollst\u00e4ndige oder teilweise Darstellung dieser Website und ihres Inhalts, mit welchen Mitteln auch immer, ist ohne unsere ausdr\u00fcckliche vorherige Genehmigung verboten und w\u00fcrde eine Urheberrechtsverletzung darstellen, die nach den Artikeln L.335-2 und L.343.1 des frz. Gesetzes \u00fcber geistiges Eigentum (Code de la Propri\u00e9t\u00e9 Intellectuelle) strafbar ist.<\/p>\n<\/div><\/section><br \/>\n<div  style='padding-bottom:10px; ' class='av-special-heading av-special-heading-h3  blockquote modern-quote  avia-builder-el-10  el_after_av_textblock  el_before_av_textblock  '><h3 class='av-special-heading-tag '  itemprop=\"headline\"  >Hypertext-Links<\/h3><div class='special-heading-border'><div class='special-heading-inner-border' ><\/div><\/div><\/div><br \/>\n<section class=\"av_textblock_section \"  itemscope=\"itemscope\" itemtype=\"https:\/\/schema.org\/CreativeWork\" ><div class='avia_textblock  '   itemprop=\"text\" ><p>Wir \u00fcbernehmen keine Verantwortung f\u00fcr in diese Website integrierte Hypertext-Links, die zu anderen Ressourcen im Internet f\u00fchren.<\/p>\n<\/div><\/section><br \/>\n<div  style='padding-bottom:10px; ' class='av-special-heading av-special-heading-h3  blockquote modern-quote  avia-builder-el-12  el_after_av_textblock  el_before_av_textblock  '><h3 class='av-special-heading-tag '  itemprop=\"headline\"  >Schutz der Privatsph\u00e4re<\/h3><div class='special-heading-border'><div class='special-heading-inner-border' ><\/div><\/div><\/div><br \/>\n<section class=\"av_textblock_section \"  itemscope=\"itemscope\" itemtype=\"https:\/\/schema.org\/CreativeWork\" ><div class='avia_textblock  '   itemprop=\"text\" ><p>Diese Website sammelt und verwendet personenbezogene Daten f\u00fcr die unten angegebenen Zwecke. Die Website und das Computersystem, mit dem sie verbunden ist, sind so konzipiert, dass sie den Anforderungen der  Datenschutz-Grundverordnung (DSGVO) entsprechen.<\/p>\n<p>Wir werden die gesammelten personenbezogenen Daten weder verkaufen, vermieten oder anderweitig verbreiten, noch werden wir sie ver\u00f6ffentlichen. Sie haben das Recht, von den Sie betreffenden personenbezogenen Daten, die wir in unserem System speichern, Kenntnis zu nehmen und deren Berichtigung oder L\u00f6schung zu verlangen. Bei diesbez\u00fcglichen Anfragen wenden Sie sich bitte an unseren Datenschutzbeauftragten (unten).<\/p>\n<p>Unsere Datenschutzbestimmungen k\u00f6nnen ohne Vorank\u00fcndigung in \u00dcbereinstimmung mit der geltenden Gesetzgebung ge\u00e4ndert werden. Sie haben jederzeit die M\u00f6glichkeit, sich auf dieser Seite \u00fcber die Entwicklungen unserer Datenschutzpolitik zu informieren.<\/p>\n<\/div><\/section><\/p><\/div><div class=\"flex_column av_one_half  flex_column_div av-zero-column-padding   avia-builder-el-14  el_after_av_one_half  avia-builder-el-last  \" style='border-radius:0px; '><p><div  style='padding-bottom:10px; ' class='av-special-heading av-special-heading-h3  blockquote modern-quote  avia-builder-el-15  el_before_av_textblock  avia-builder-el-first  '><h3 class='av-special-heading-tag '  itemprop=\"headline\"  >Tracking der Seitenbesucher<\/h3><div class='special-heading-border'><div class='special-heading-inner-border' ><\/div><\/div><\/div><br \/>\n<section class=\"av_textblock_section \"  itemscope=\"itemscope\" itemtype=\"https:\/\/schema.org\/CreativeWork\" ><div class='avia_textblock  '   itemprop=\"text\" ><h5>Google Analytics<\/h5>\n<p>Diese Website verwendet Google Analytics (GA), um das Nutzerverhalten zu ermitteln und zu verstehen. So kann GA beispielsweise Ihren geografischen Standort, Ihre Computerausstattung, Ihren Webbrowser und Ihr Betriebssystem erfassen. Keine dieser Informationen erlaubt es uns jedoch, Sie pers\u00f6nlich zu identifizieren. Wir betrachten Google als einen Dritt-Datenverarbeiter (siehe unten).<\/p>\n<h5>Cookies<\/h5>\n<p>Diese Website verwendet Cookies, um die Benutzerfreundlichkeit zu verbessern, Nutzungsstatistiken bereitzustellen und Marketinginformationen zu sammeln. Cookies speichern Informationen \u00fcber Ihre Computerausstattung im Zusammenhang mit Ihrem Besuch auf unserer Website. Sie k\u00f6nnen Cookies jederzeit deaktivieren, indem Sie Ihre Browsereinstellungen \u00e4ndern oder diese manuell l\u00f6schen.<\/p>\n<\/div><\/section><br \/>\n<div  style='padding-bottom:10px; ' class='av-special-heading av-special-heading-h3  blockquote modern-quote  avia-builder-el-17  el_after_av_textblock  el_before_av_textblock  '><h3 class='av-special-heading-tag '  itemprop=\"headline\"  >Dritt-Datenverarbeiter<\/h3><div class='special-heading-border'><div class='special-heading-inner-border' ><\/div><\/div><\/div><br \/>\n<section class=\"av_textblock_section \"  itemscope=\"itemscope\" itemtype=\"https:\/\/schema.org\/CreativeWork\" ><div class='avia_textblock  '   itemprop=\"text\" ><p>F\u00fcr die Verarbeitung Ihrer Daten nutzen wir die Dienste von Subunternehmern. Diese Drittverarbeiter haben ihren Sitz in den Vereinigten Staaten und erkl\u00e4ren, dass sie die amerikanischen und europ\u00e4ischen Datenschutzgesetze einhalten:<\/p>\n<ul>\n<li>Google (<a href=\"https:\/\/www.google.com\/intl\/en-GB\/policies\/privacy\/\">Privacy policy<\/a>)<\/li>\n<\/ul>\n<\/div><\/section><br \/>\n<div  style='padding-bottom:10px; ' class='av-special-heading av-special-heading-h3  blockquote modern-quote  avia-builder-el-19  el_after_av_textblock  el_before_av_textblock  '><h3 class='av-special-heading-tag '  itemprop=\"headline\"  >Datenschutzbeauftragter<\/h3><div class='special-heading-border'><div class='special-heading-inner-border' ><\/div><\/div><\/div><br \/>\n<section class=\"av_textblock_section \"  itemscope=\"itemscope\" itemtype=\"https:\/\/schema.org\/CreativeWork\" ><div class='avia_textblock  '   itemprop=\"text\" ><\/div><\/section><br \/>\n<div  style='padding-bottom:10px; ' class='av-special-heading av-special-heading-h3  blockquote modern-quote  avia-builder-el-21  el_after_av_textblock  el_before_av_textblock  '><h3 class='av-special-heading-tag '  itemprop=\"headline\"  >Entwurf<\/h3><div class='special-heading-border'><div class='special-heading-inner-border' ><\/div><\/div><\/div><br \/>\n<section class=\"av_textblock_section \"  itemscope=\"itemscope\" itemtype=\"https:\/\/schema.org\/CreativeWork\" ><div class='avia_textblock  '   itemprop=\"text\" ><p><a href=\"http:\/\/www.bb-b.net\" target=\"_blank\" rel=\"noopener noreferrer\">Agence bb&#038;b<\/a><\/p>\n<p>22 Rue Soleillet<br \/>\n75020 Paris<\/p>\n<\/div><\/section><br \/>\n<div  style='padding-bottom:10px; ' class='av-special-heading av-special-heading-h3  blockquote modern-quote  avia-builder-el-23  el_after_av_textblock  el_before_av_textblock  '><h3 class='av-special-heading-tag '  itemprop=\"headline\"  >Bildnachweise<\/h3><div class='special-heading-border'><div class='special-heading-inner-border' ><\/div><\/div><\/div><br \/>\n<section class=\"av_textblock_section \"  itemscope=\"itemscope\" itemtype=\"https:\/\/schema.org\/CreativeWork\" ><div class='avia_textblock  '   itemprop=\"text\" ><p><a href=\"http:\/\/www.divergence-images.com\/gael-kerbaol\/portfolios.html\">Ga\u00ebl Kerbaol<\/a><\/p>\n<\/div><\/section><\/p><\/div><\/p>\n","protected":false},"excerpt":{"rendered":"","protected":false},"author":1,"featured_media":0,"parent":0,"menu_order":7,"comment_status":"closed","ping_status":"closed","template":"","meta":{"footnotes":""},"class_list":["post-1673","page","type-page","status-publish","hentry"],"yoast_head":"<!-- This site is optimized with the Yoast SEO plugin v15.1.1 - https:\/\/yoast.com\/wordpress\/plugins\/seo\/ -->\n<title>Rechtliche Informationen - Frenehard &amp; Michaux<\/title>\n<meta name=\"robots\" content=\"noindex, follow, max-snippet:-1, max-image-preview:large, max-video-preview:-1\" \/>\n<meta property=\"og:locale\" content=\"de_DE\" \/>\n<meta property=\"og:type\" content=\"article\" \/>\n<meta property=\"og:title\" content=\"Rechtliche Informationen - Frenehard &amp; Michaux\" \/>\n<meta property=\"og:url\" content=\"https:\/\/frenehard-michaux.bb-b.net\/de\/rechtliche-informationen\/\" \/>\n<meta property=\"og:site_name\" content=\"Frenehard &amp; Michaux\" \/>\n<meta property=\"article:publisher\" content=\"https:\/\/www.facebook.com\/ets.frenehard.michaux?fref=ts\" \/>\n<meta property=\"article:modified_time\" content=\"2019-04-29T15:55:30+00:00\" \/>\n<meta name=\"twitter:card\" content=\"summary\" \/>\n<meta name=\"twitter:creator\" content=\"@Ets_FM\" \/>\n<meta name=\"twitter:site\" content=\"@Ets_FM\" \/>\n<script type=\"application\/ld+json\" class=\"yoast-schema-graph\">{\"@context\":\"https:\/\/schema.org\",\"@graph\":[{\"@type\":\"Organization\",\"@id\":\"https:\/\/frenehard-michaux.bb-b.net\/de\/#organization\",\"name\":\"Frenehard & Michaux\",\"url\":\"https:\/\/frenehard-michaux.bb-b.net\/de\/\",\"sameAs\":[\"https:\/\/www.facebook.com\/ets.frenehard.michaux?fref=ts\",\"https:\/\/fr.linkedin.com\/company\/frenehard-&amp;-michaux\",\"https:\/\/www.youtube.com\/channel\/UC79q9bYcPAxDUTFrqHPLOFA\",\"https:\/\/twitter.com\/Ets_FM\"],\"logo\":{\"@type\":\"ImageObject\",\"@id\":\"https:\/\/frenehard-michaux.bb-b.net\/de\/#logo\",\"inLanguage\":\"de\",\"url\":\"https:\/\/frenehard-michaux.bb-b.net\/wp-content\/uploads\/2017\/02\/Logo_Frenehard-Michaux-2.png\",\"width\":680,\"height\":138,\"caption\":\"Frenehard & Michaux\"},\"image\":{\"@id\":\"https:\/\/frenehard-michaux.bb-b.net\/de\/#logo\"}},{\"@type\":\"WebSite\",\"@id\":\"https:\/\/frenehard-michaux.bb-b.net\/de\/#website\",\"url\":\"https:\/\/frenehard-michaux.bb-b.net\/de\/\",\"name\":\"Frenehard &amp; Michaux\",\"description\":\"Artub, Comabi, Fr\\u00e9n\\u00e9hard, Roy, S\\u00e9curigard, Skyworks, Tendo, Tubesca\",\"publisher\":{\"@id\":\"https:\/\/frenehard-michaux.bb-b.net\/de\/#organization\"},\"potentialAction\":[{\"@type\":\"SearchAction\",\"target\":\"https:\/\/frenehard-michaux.bb-b.net\/de\/?s={search_term_string}\",\"query-input\":\"required name=search_term_string\"}],\"inLanguage\":\"de\"},{\"@type\":\"WebPage\",\"@id\":\"https:\/\/frenehard-michaux.bb-b.net\/de\/rechtliche-informationen\/#webpage\",\"url\":\"https:\/\/frenehard-michaux.bb-b.net\/de\/rechtliche-informationen\/\",\"name\":\"Rechtliche Informationen - Frenehard &amp; Michaux\",\"isPartOf\":{\"@id\":\"https:\/\/frenehard-michaux.bb-b.net\/de\/#website\"},\"datePublished\":\"2019-04-29T15:55:17+00:00\",\"dateModified\":\"2019-04-29T15:55:30+00:00\",\"inLanguage\":\"de\",\"potentialAction\":[{\"@type\":\"ReadAction\",\"target\":[\"https:\/\/frenehard-michaux.bb-b.net\/de\/rechtliche-informationen\/\"]}]}]}<\/script>\n<!-- \/ Yoast SEO plugin. -->","_links":{"self":[{"href":"https:\/\/frenehard-michaux.bb-b.net\/de\/wp-json\/wp\/v2\/pages\/1673","targetHints":{"allow":["GET"]}}],"collection":[{"href":"https:\/\/frenehard-michaux.bb-b.net\/de\/wp-json\/wp\/v2\/pages"}],"about":[{"href":"https:\/\/frenehard-michaux.bb-b.net\/de\/wp-json\/wp\/v2\/types\/page"}],"author":[{"embeddable":true,"href":"https:\/\/frenehard-michaux.bb-b.net\/de\/wp-json\/wp\/v2\/users\/1"}],"replies":[{"embeddable":true,"href":"https:\/\/frenehard-michaux.bb-b.net\/de\/wp-json\/wp\/v2\/comments?post=1673"}],"version-history":[{"count":1,"href":"https:\/\/frenehard-michaux.bb-b.net\/de\/wp-json\/wp\/v2\/pages\/1673\/revisions"}],"predecessor-version":[{"id":1674,"href":"https:\/\/frenehard-michaux.bb-b.net\/de\/wp-json\/wp\/v2\/pages\/1673\/revisions\/1674"}],"wp:attachment":[{"href":"https:\/\/frenehard-michaux.bb-b.net\/de\/wp-json\/wp\/v2\/media?parent=1673"}],"curies":[{"name":"wp","href":"https:\/\/api.w.org\/{rel}","templated":true}]}}