{"id":1630,"date":"2019-04-25T15:53:58","date_gmt":"2019-04-25T13:53:58","guid":{"rendered":"http:\/\/frenehard-michaux.bb-b.net\/menciones-legales\/"},"modified":"2019-04-25T15:54:14","modified_gmt":"2019-04-25T13:54:14","slug":"menciones-legales","status":"publish","type":"page","link":"https:\/\/frenehard-michaux.bb-b.net\/es\/menciones-legales\/","title":{"rendered":"Menciones legales"},"content":{"rendered":"<div class=\"flex_column av_one_half  flex_column_div av-zero-column-padding first  avia-builder-el-0  el_before_av_one_half  avia-builder-el-first  \" style='border-radius:0px; '><p><div  style='padding-bottom:10px; ' class='av-special-heading av-special-heading-h3  blockquote modern-quote  avia-builder-el-1  el_before_av_textblock  avia-builder-el-first  '><h3 class='av-special-heading-tag '  itemprop=\"headline\"  >Domicilio social<\/h3><div class='special-heading-border'><div class='special-heading-inner-border' ><\/div><\/div><\/div><br \/>\n<section class=\"av_textblock_section \"  itemscope=\"itemscope\" itemtype=\"https:\/\/schema.org\/CreativeWork\" ><div class='avia_textblock  '   itemprop=\"text\" ><p>Frenehard &#038; Michaux Holding<br \/>\nBP 171<br \/>\n61305 L\u2019Aigle CEDEX<br \/>\nFrancia<\/p>\n<p>+33 (0)2 33 84 21 21<br \/>\ncontact@frenehard.com<\/p>\n<\/div><\/section><br \/>\n<section class=\"av_textblock_section \"  itemscope=\"itemscope\" itemtype=\"https:\/\/schema.org\/CreativeWork\" ><div class='avia_textblock  '   itemprop=\"text\" ><p>Denominaci\u00f3n social: Fr\u00e9n\u00e9hard et Michaux Holding<\/p>\n<p>N\u00b0 de Registro Mercantil: Registro Mercantil de n\u00ba\u00a0B\u00a0535\u00a0450\u00a0050<br \/>\nN\u00b0 IVA: FR 92 535 450 050<\/p>\n<\/div><\/section><br \/>\n<div  style='padding-bottom:10px; ' class='av-special-heading av-special-heading-h3  blockquote modern-quote  avia-builder-el-4  el_after_av_textblock  el_before_av_textblock  '><h3 class='av-special-heading-tag '  itemprop=\"headline\"  >Responsable de la publicaci\u00f3n<\/h3><div class='special-heading-border'><div class='special-heading-inner-border' ><\/div><\/div><\/div><br \/>\n<section class=\"av_textblock_section \"  itemscope=\"itemscope\" itemtype=\"https:\/\/schema.org\/CreativeWork\" ><div class='avia_textblock  '   itemprop=\"text\" ><p>Joseph Miquel<\/p>\n<p>j.miquel@frenehard-michaux.com<\/p>\n<\/div><\/section><br \/>\n<div  style='padding-bottom:10px; ' class='av-special-heading av-special-heading-h3  blockquote modern-quote  avia-builder-el-6  el_after_av_textblock  el_before_av_textblock  '><h3 class='av-special-heading-tag '  itemprop=\"headline\"  >Alojamiento<\/h3><div class='special-heading-border'><div class='special-heading-inner-border' ><\/div><\/div><\/div><br \/>\n<section class=\"av_textblock_section \"  itemscope=\"itemscope\" itemtype=\"https:\/\/schema.org\/CreativeWork\" ><div class='avia_textblock  '   itemprop=\"text\" ><p>OVH<strong><br \/>\n<\/strong>2 rue Kellermann<br \/>\n59100 Roubaix<br \/>\nFrancia<\/p>\n<\/div><\/section><br \/>\n<div  style='padding-bottom:10px; ' class='av-special-heading av-special-heading-h3  blockquote modern-quote  avia-builder-el-8  el_after_av_textblock  el_before_av_textblock  '><h3 class='av-special-heading-tag '  itemprop=\"headline\"  >Propiedad intelectual<\/h3><div class='special-heading-border'><div class='special-heading-inner-border' ><\/div><\/div><\/div><br \/>\n<section class=\"av_textblock_section \"  itemscope=\"itemscope\" itemtype=\"https:\/\/schema.org\/CreativeWork\" ><div class='avia_textblock  '   itemprop=\"text\" ><p>El contenido de la p\u00e1gina web, la estructura general, los textos, las im\u00e1genes, animadas o no, y los sonidos que figuran en esta p\u00e1gina web son de nuestra propiedad exclusiva. Cualquier representaci\u00f3n total o parcial de esta p\u00e1gina web y de su contenido, mediante los procedimientos que fueren, sin nuestra autorizaci\u00f3n previa y expresa, est\u00e1 prohibida y supondr\u00e1 una falsificaci\u00f3n sancionada por los art\u00edculos L.335.2 y L.343.1 del C\u00f3digo de la Propiedad intelectual.<\/p>\n<\/div><\/section><br \/>\n<div  style='padding-bottom:10px; ' class='av-special-heading av-special-heading-h3  blockquote modern-quote  avia-builder-el-10  el_after_av_textblock  el_before_av_textblock  '><h3 class='av-special-heading-tag '  itemprop=\"headline\"  >Enlaces hipertexto<\/h3><div class='special-heading-border'><div class='special-heading-inner-border' ><\/div><\/div><\/div><br \/>\n<section class=\"av_textblock_section \"  itemscope=\"itemscope\" itemtype=\"https:\/\/schema.org\/CreativeWork\" ><div class='avia_textblock  '   itemprop=\"text\" ><p>Los enlaces hipertexto incorporados a la presente p\u00e1gina web dirigidos a otros recursos de la red de internet, no comprometer\u00e1n en modo alguno nuestra responsabilidad.<\/p>\n<\/div><\/section><br \/>\n<div  style='padding-bottom:10px; ' class='av-special-heading av-special-heading-h3  blockquote modern-quote  avia-builder-el-12  el_after_av_textblock  el_before_av_textblock  '><h3 class='av-special-heading-tag '  itemprop=\"headline\"  >Respeto de la vida privada<\/h3><div class='special-heading-border'><div class='special-heading-inner-border' ><\/div><\/div><\/div><br \/>\n<section class=\"av_textblock_section \"  itemscope=\"itemscope\" itemtype=\"https:\/\/schema.org\/CreativeWork\" ><div class='avia_textblock  '   itemprop=\"text\" ><p>Esta p\u00e1gina web recaba y utiliza datos personales por las razones que se indican a continuaci\u00f3n. El sitio y el sistema inform\u00e1tico al que est\u00e1 conectada est\u00e1n dise\u00f1ados para cumplir las exigencias del Reglamento General Europeo de Protecci\u00f3n de Datos 2018 (RGPD).<\/p>\n<p>Nunca venderemos, alquilaremos ni distribuiremos para otros fines los datos personales recabados, ni los haremos p\u00fablicos. Usted tiene derecho a conocer, corregir o eliminar en todo momento los datos personales que conservamos en nuestro sistema. Para realizar cualquier solicitud, contacte con nuestro Responsable de Seguridad de Datos (que figura a continuaci\u00f3n).<\/p>\n<p>Nuestra pol\u00edtica de confidencialidad y de protecci\u00f3n de datos personales podr\u00e1 modificarse sin previo aviso, con arreglo a la legislaci\u00f3n vigente. Le recomendamos que visite esta p\u00e1gina para mantenerse al d\u00eda de la evoluci\u00f3n de nuestra pol\u00edtica de confidencialidad y de protecci\u00f3n de datos.<\/p>\n<\/div><\/section><\/p><\/div><div class=\"flex_column av_one_half  flex_column_div av-zero-column-padding   avia-builder-el-14  el_after_av_one_half  avia-builder-el-last  \" style='border-radius:0px; '><p><div  style='padding-bottom:10px; ' class='av-special-heading av-special-heading-h3  blockquote modern-quote  avia-builder-el-15  el_before_av_textblock  avia-builder-el-first  '><h3 class='av-special-heading-tag '  itemprop=\"headline\"  >Seguimiento de los visitantes<\/h3><div class='special-heading-border'><div class='special-heading-inner-border' ><\/div><\/div><\/div><br \/>\n<section class=\"av_textblock_section \"  itemscope=\"itemscope\" itemtype=\"https:\/\/schema.org\/CreativeWork\" ><div class='avia_textblock  '   itemprop=\"text\" ><h5>Google Analytics<\/h5>\n<p>Esta p\u00e1gina web utiliza Google Analytics (GA) para medir la audiencia y comprender el comportamiento de los visitantes. Para ello, GA puede registrar, por ejemplo, su posici\u00f3n geogr\u00e1fica, su equipo inform\u00e1tico, su navegador web y su sistema operativo. No obstante, ninguno de estos datos nos permite identificarle personalmente. Consideramos a Google como un procesador de datos de terceros (v\u00e9ase a continuaci\u00f3n).<\/p>\n<h5>Cookies<\/h5>\n<p>La presente p\u00e1gina web utiliza cookies para mejorar la experiencia del usuario, ofrecer estad\u00edsticas de uso y recabar datos de marketing. Las cookies almacenan informaci\u00f3n sobre su equipo inform\u00e1tico relativa a su visita a nuestra p\u00e1gina web. Usted puede desactivar las cookies en todo momento, modificando los ajustes de su navegador o eliminando dichas cookies manualmente.<\/p>\n<\/div><\/section><br \/>\n<div  style='padding-bottom:10px; ' class='av-special-heading av-special-heading-h3  blockquote modern-quote  avia-builder-el-17  el_after_av_textblock  el_before_av_textblock  '><h3 class='av-special-heading-tag '  itemprop=\"headline\"  >Procesadores de datos de terceros<\/h3><div class='special-heading-border'><div class='special-heading-inner-border' ><\/div><\/div><\/div><br \/>\n<section class=\"av_textblock_section \"  itemscope=\"itemscope\" itemtype=\"https:\/\/schema.org\/CreativeWork\" ><div class='avia_textblock  '   itemprop=\"text\" ><p>Utilizamos los servicios de subcontratistas para tratar los datos relativos a su persona. Estos subprocesadores se encuentran ubicados en Estados Unidos y declaran cumplir las legislaciones estadounidenses y europeas relativas a la protecci\u00f3n de datos:<\/p>\n<ul>\n<li>Google (<a href=\"https:\/\/www.google.com\/intl\/en-GB\/policies\/privacy\/\">Privacy policy<\/a>)<\/li>\n<\/ul>\n<\/div><\/section><br \/>\n<div  style='padding-bottom:10px; ' class='av-special-heading av-special-heading-h3  blockquote modern-quote  avia-builder-el-19  el_after_av_textblock  el_before_av_textblock  '><h3 class='av-special-heading-tag '  itemprop=\"headline\"  >Responsable de Seguridad de Datos<\/h3><div class='special-heading-border'><div class='special-heading-inner-border' ><\/div><\/div><\/div><br \/>\n<section class=\"av_textblock_section \"  itemscope=\"itemscope\" itemtype=\"https:\/\/schema.org\/CreativeWork\" ><div class='avia_textblock  '   itemprop=\"text\" ><\/div><\/section><br \/>\n<div  style='padding-bottom:10px; ' class='av-special-heading av-special-heading-h3  blockquote modern-quote  avia-builder-el-21  el_after_av_textblock  el_before_av_textblock  '><h3 class='av-special-heading-tag '  itemprop=\"headline\"  >Dise\u00f1o<\/h3><div class='special-heading-border'><div class='special-heading-inner-border' ><\/div><\/div><\/div><br \/>\n<section class=\"av_textblock_section \"  itemscope=\"itemscope\" itemtype=\"https:\/\/schema.org\/CreativeWork\" ><div class='avia_textblock  '   itemprop=\"text\" ><p><a href=\"http:\/\/www.bb-b.net\" target=\"_blank\" rel=\"noopener noreferrer\">Agence bb&#038;b<\/a><\/p>\n<p>22 rue soleillet<br \/>\n75020 Paris<\/p>\n<\/div><\/section><br \/>\n<div  style='padding-bottom:10px; ' class='av-special-heading av-special-heading-h3  blockquote modern-quote  avia-builder-el-23  el_after_av_textblock  el_before_av_textblock  '><h3 class='av-special-heading-tag '  itemprop=\"headline\"  >Cr\u00e9ditos fotogr\u00e1ficos<\/h3><div class='special-heading-border'><div class='special-heading-inner-border' ><\/div><\/div><\/div><br \/>\n<section class=\"av_textblock_section \"  itemscope=\"itemscope\" itemtype=\"https:\/\/schema.org\/CreativeWork\" ><div class='avia_textblock  '   itemprop=\"text\" ><p><a href=\"http:\/\/www.divergence-images.com\/gael-kerbaol\/portfolios.html\">Ga\u00ebl Kerbaol<\/a><\/p>\n<\/div><\/section><\/p><\/div><\/p>\n","protected":false},"excerpt":{"rendered":"","protected":false},"author":1,"featured_media":0,"parent":0,"menu_order":7,"comment_status":"closed","ping_status":"closed","template":"","meta":{"footnotes":""},"class_list":["post-1630","page","type-page","status-publish","hentry"],"yoast_head":"<!-- This site is optimized with the Yoast SEO plugin v15.1.1 - https:\/\/yoast.com\/wordpress\/plugins\/seo\/ -->\n<title>Menciones legales - Frenehard &amp; Michaux<\/title>\n<meta name=\"robots\" content=\"noindex, follow, max-snippet:-1, max-image-preview:large, max-video-preview:-1\" \/>\n<meta property=\"og:locale\" content=\"es_ES\" \/>\n<meta property=\"og:type\" content=\"article\" \/>\n<meta property=\"og:title\" content=\"Menciones legales - Frenehard &amp; Michaux\" \/>\n<meta property=\"og:url\" content=\"https:\/\/frenehard-michaux.bb-b.net\/es\/menciones-legales\/\" \/>\n<meta property=\"og:site_name\" content=\"Frenehard &amp; Michaux\" \/>\n<meta property=\"article:publisher\" content=\"https:\/\/www.facebook.com\/ets.frenehard.michaux?fref=ts\" \/>\n<meta property=\"article:modified_time\" content=\"2019-04-25T13:54:14+00:00\" \/>\n<meta name=\"twitter:card\" content=\"summary\" \/>\n<meta name=\"twitter:creator\" content=\"@Ets_FM\" \/>\n<meta name=\"twitter:site\" content=\"@Ets_FM\" \/>\n<script type=\"application\/ld+json\" class=\"yoast-schema-graph\">{\"@context\":\"https:\/\/schema.org\",\"@graph\":[{\"@type\":\"Organization\",\"@id\":\"https:\/\/frenehard-michaux.bb-b.net\/es\/#organization\",\"name\":\"Frenehard & Michaux\",\"url\":\"https:\/\/frenehard-michaux.bb-b.net\/es\/\",\"sameAs\":[\"https:\/\/www.facebook.com\/ets.frenehard.michaux?fref=ts\",\"https:\/\/fr.linkedin.com\/company\/frenehard-&amp;-michaux\",\"https:\/\/www.youtube.com\/channel\/UC79q9bYcPAxDUTFrqHPLOFA\",\"https:\/\/twitter.com\/Ets_FM\"],\"logo\":{\"@type\":\"ImageObject\",\"@id\":\"https:\/\/frenehard-michaux.bb-b.net\/es\/#logo\",\"inLanguage\":\"es\",\"url\":\"https:\/\/frenehard-michaux.bb-b.net\/wp-content\/uploads\/2017\/02\/Logo_Frenehard-Michaux-2.png\",\"width\":680,\"height\":138,\"caption\":\"Frenehard & Michaux\"},\"image\":{\"@id\":\"https:\/\/frenehard-michaux.bb-b.net\/es\/#logo\"}},{\"@type\":\"WebSite\",\"@id\":\"https:\/\/frenehard-michaux.bb-b.net\/es\/#website\",\"url\":\"https:\/\/frenehard-michaux.bb-b.net\/es\/\",\"name\":\"Frenehard &amp; Michaux\",\"description\":\"Artub, Comabi, Fr\\u00e9n\\u00e9hard, Roy, S\\u00e9curigard, Skyworks, Tendo, Tubesca\",\"publisher\":{\"@id\":\"https:\/\/frenehard-michaux.bb-b.net\/es\/#organization\"},\"potentialAction\":[{\"@type\":\"SearchAction\",\"target\":\"https:\/\/frenehard-michaux.bb-b.net\/es\/?s={search_term_string}\",\"query-input\":\"required name=search_term_string\"}],\"inLanguage\":\"es\"},{\"@type\":\"WebPage\",\"@id\":\"https:\/\/frenehard-michaux.bb-b.net\/es\/menciones-legales\/#webpage\",\"url\":\"https:\/\/frenehard-michaux.bb-b.net\/es\/menciones-legales\/\",\"name\":\"Menciones legales - Frenehard &amp; Michaux\",\"isPartOf\":{\"@id\":\"https:\/\/frenehard-michaux.bb-b.net\/es\/#website\"},\"datePublished\":\"2019-04-25T13:53:58+00:00\",\"dateModified\":\"2019-04-25T13:54:14+00:00\",\"inLanguage\":\"es\",\"potentialAction\":[{\"@type\":\"ReadAction\",\"target\":[\"https:\/\/frenehard-michaux.bb-b.net\/es\/menciones-legales\/\"]}]}]}<\/script>\n<!-- \/ Yoast SEO plugin. -->","_links":{"self":[{"href":"https:\/\/frenehard-michaux.bb-b.net\/es\/wp-json\/wp\/v2\/pages\/1630","targetHints":{"allow":["GET"]}}],"collection":[{"href":"https:\/\/frenehard-michaux.bb-b.net\/es\/wp-json\/wp\/v2\/pages"}],"about":[{"href":"https:\/\/frenehard-michaux.bb-b.net\/es\/wp-json\/wp\/v2\/types\/page"}],"author":[{"embeddable":true,"href":"https:\/\/frenehard-michaux.bb-b.net\/es\/wp-json\/wp\/v2\/users\/1"}],"replies":[{"embeddable":true,"href":"https:\/\/frenehard-michaux.bb-b.net\/es\/wp-json\/wp\/v2\/comments?post=1630"}],"version-history":[{"count":1,"href":"https:\/\/frenehard-michaux.bb-b.net\/es\/wp-json\/wp\/v2\/pages\/1630\/revisions"}],"predecessor-version":[{"id":1631,"href":"https:\/\/frenehard-michaux.bb-b.net\/es\/wp-json\/wp\/v2\/pages\/1630\/revisions\/1631"}],"wp:attachment":[{"href":"https:\/\/frenehard-michaux.bb-b.net\/es\/wp-json\/wp\/v2\/media?parent=1630"}],"curies":[{"name":"wp","href":"https:\/\/api.w.org\/{rel}","templated":true}]}}