{"id":2596,"date":"2020-11-04T10:34:26","date_gmt":"2020-11-04T09:34:26","guid":{"rendered":"http:\/\/frenehard-michaux.bb-b.net\/note-legali\/"},"modified":"2020-11-04T10:34:26","modified_gmt":"2020-11-04T09:34:26","slug":"note-legali","status":"publish","type":"page","link":"https:\/\/frenehard-michaux.bb-b.net\/it\/note-legali\/","title":{"rendered":"Note legali"},"content":{"rendered":"<div class=\"flex_column av_one_half  flex_column_div av-zero-column-padding first  avia-builder-el-0  el_before_av_one_half  avia-builder-el-first  \" style='border-radius:0px; '><p><div  style='padding-bottom:10px; ' class='av-special-heading av-special-heading-h3  blockquote modern-quote  avia-builder-el-1  el_before_av_textblock  avia-builder-el-first  '><h3 class='av-special-heading-tag '  itemprop=\"headline\"  >Sede sociale<\/h3><div class='special-heading-border'><div class='special-heading-inner-border' ><\/div><\/div><\/div><br \/>\n<section class=\"av_textblock_section \"  itemscope=\"itemscope\" itemtype=\"https:\/\/schema.org\/CreativeWork\" ><div class='avia_textblock  '   itemprop=\"text\" ><p>Frenehard &#038; Michaux Holding<br \/>\nBP 171<br \/>\n61305 L\u2019Aigle CEDEX<br \/>\nFrancia<\/p>\n<p>+33 (0)2 33 84 21 21<br \/>\ncontact@frenehard.com<\/p>\n<\/div><\/section><br \/>\n<section class=\"av_textblock_section \"  itemscope=\"itemscope\" itemtype=\"https:\/\/schema.org\/CreativeWork\" ><div class='avia_textblock  '   itemprop=\"text\" ><p>Denominazione sociale: Fr\u00e9n\u00e9hard et Michaux Holding<\/p>\n<p>N\u00b0 Registro delle imprese francese: RCS Alencon B 535 450 050<br \/>\nP.IVA: FR 92 535 450 050<\/p>\n<\/div><\/section><br \/>\n<div  style='padding-bottom:10px; ' class='av-special-heading av-special-heading-h3  blockquote modern-quote  avia-builder-el-4  el_after_av_textblock  el_before_av_textblock  '><h3 class='av-special-heading-tag '  itemprop=\"headline\"  >Responsabile della pubblicazione<\/h3><div class='special-heading-border'><div class='special-heading-inner-border' ><\/div><\/div><\/div><br \/>\n<section class=\"av_textblock_section \"  itemscope=\"itemscope\" itemtype=\"https:\/\/schema.org\/CreativeWork\" ><div class='avia_textblock  '   itemprop=\"text\" ><p>Joseph Miquel<\/p>\n<p>j.miquel@frenehard-michaux.com<\/p>\n<\/div><\/section><br \/>\n<div  style='padding-bottom:10px; ' class='av-special-heading av-special-heading-h3  blockquote modern-quote  avia-builder-el-6  el_after_av_textblock  el_before_av_textblock  '><h3 class='av-special-heading-tag '  itemprop=\"headline\"  >Host<\/h3><div class='special-heading-border'><div class='special-heading-inner-border' ><\/div><\/div><\/div><br \/>\n<section class=\"av_textblock_section \"  itemscope=\"itemscope\" itemtype=\"https:\/\/schema.org\/CreativeWork\" ><div class='avia_textblock  '   itemprop=\"text\" ><p>OVH<strong><br \/>\n<\/strong>2 rue Kellermann<br \/>\n59100 Roubaix<br \/>\nFrancia<\/p>\n<\/div><\/section><br \/>\n<div  style='padding-bottom:10px; ' class='av-special-heading av-special-heading-h3  blockquote modern-quote  avia-builder-el-8  el_after_av_textblock  el_before_av_textblock  '><h3 class='av-special-heading-tag '  itemprop=\"headline\"  >Propriet\u00e0 intellettuale<\/h3><div class='special-heading-border'><div class='special-heading-inner-border' ><\/div><\/div><\/div><br \/>\n<section class=\"av_textblock_section \"  itemscope=\"itemscope\" itemtype=\"https:\/\/schema.org\/CreativeWork\" ><div class='avia_textblock  '   itemprop=\"text\" ><p>Il contenuto del sito, la sua struttura generale, i testi, le immagini, animate o meno, e i suoni in esso contenuti sono di propriet\u00e0 esclusiva di Frenehard &#038; Michaux Holding. \u00c8 vietata la riproduzione, anche parziale, del sito e del suo contenuto con qualsiasi modalit\u00e0, senza la previa esplicita autorizzazione scritta da parte di Frenehard &#038; Michaux Holding. L\u2019eventuale riproduzione senza autorizzazione \u00e8 da considerarsi una contraffazione ed \u00e8 sanzionabile ai sensi degli articoli L.335-2 e L.343.1 del Codice della propriet\u00e0 intellettuale francese.<\/p>\n<\/div><\/section><br \/>\n<div  style='padding-bottom:10px; ' class='av-special-heading av-special-heading-h3  blockquote modern-quote  avia-builder-el-10  el_after_av_textblock  el_before_av_textblock  '><h3 class='av-special-heading-tag '  itemprop=\"headline\"  >Collegamenti ipertestuali<\/h3><div class='special-heading-border'><div class='special-heading-inner-border' ><\/div><\/div><\/div><br \/>\n<section class=\"av_textblock_section \"  itemscope=\"itemscope\" itemtype=\"https:\/\/schema.org\/CreativeWork\" ><div class='avia_textblock  '   itemprop=\"text\" ><p>Frenehard &#038; Michaux Holding declina ogni responsabilit\u00e0 per i collegamenti ipertestuali presenti nel sito che reindirizzano verso risorse esterne presenti in rete.<\/p>\n<\/div><\/section><br \/>\n<div  style='padding-bottom:10px; ' class='av-special-heading av-special-heading-h3  blockquote modern-quote  avia-builder-el-12  el_after_av_textblock  el_before_av_textblock  '><h3 class='av-special-heading-tag '  itemprop=\"headline\"  >Rispetto della privacy<\/h3><div class='special-heading-border'><div class='special-heading-inner-border' ><\/div><\/div><\/div><br \/>\n<section class=\"av_textblock_section \"  itemscope=\"itemscope\" itemtype=\"https:\/\/schema.org\/CreativeWork\" ><div class='avia_textblock  '   itemprop=\"text\" ><p>Il presente sito web raccoglie e utilizza dati personali dell\u2019utente per le finalit\u00e0 indicate di seguito. Il sito e il sistema informatico a cui \u00e8 connesso sono progettati nel rispetto del Regolamento generale sulla protezione dei dati 2018 (RGPD).<\/p>\n<p>I dati personali raccolti non saranno venduti, affittati, distribuiti o resi pubblici. L\u2019utente ha il diritto di accedere ai propri dati personali in qualsiasi momento e di chiederne la correzione o la cancellazione. Per eventuali domande, si invita a contattare il Responsabile della sicurezza dei dati (v. sotto).<\/p>\n<p>La presente politica di riservatezza e di protezione dei dati personali \u00e8 soggetta a modifiche senza obbligo di preavviso, nel rispetto della legislazione vigente. Per rimanere aggiornati in merito alle possibili modifiche della politica di riservatezza, si invita a consultare periodicamente la presente pagina.<\/p>\n<\/div><\/section><\/p><\/div><div class=\"flex_column av_one_half  flex_column_div av-zero-column-padding   avia-builder-el-14  el_after_av_one_half  avia-builder-el-last  \" style='border-radius:0px; '><p><div  style='padding-bottom:10px; ' class='av-special-heading av-special-heading-h3  blockquote modern-quote  avia-builder-el-15  el_before_av_textblock  avia-builder-el-first  '><h3 class='av-special-heading-tag '  itemprop=\"headline\"  >Monitoraggio delle visite<\/h3><div class='special-heading-border'><div class='special-heading-inner-border' ><\/div><\/div><\/div><br \/>\n<section class=\"av_textblock_section \"  itemscope=\"itemscope\" itemtype=\"https:\/\/schema.org\/CreativeWork\" ><div class='avia_textblock  '   itemprop=\"text\" ><h5>Google Analytics<\/h5>\n<p>Il presente sito web utilizza Google Analytics (GA) per l\u2019analisi delle visite e del traffico. Per tale scopo GA pu\u00f2 ad esempio registrare la posizione geografica dell\u2019utente, il tipo di dispositivo utilizzato per accedere al sito, il browser e il sistema operativo in uso. Nessuna di queste informazioni consente tuttavia di risalire all\u2019identit\u00e0 dell\u2019utente. Google \u00e8 da considerarsi come una terza parte incaricata del trattamento dei dati (v. sotto).<\/p>\n<h5>Cookie<\/h5>\n<p>Il presente sito web usa dei cookie per migliorare l\u2019esperienza dell\u2019utente, produrre statistiche relative all\u2019uso del sito e raccogliere informazioni con finalit\u00e0 di marketing. I cookie salvano informazioni sul dispositivo utilizzato per visitare il sito web. I cookie possono essere disattivati in qualunque momento modificando le impostazioni del browser o eliminandoli manualmente.<\/p>\n<\/div><\/section><br \/>\n<div  style='padding-bottom:10px; ' class='av-special-heading av-special-heading-h3  blockquote modern-quote  avia-builder-el-17  el_after_av_textblock  el_before_av_textblock  '><h3 class='av-special-heading-tag '  itemprop=\"headline\"  >Terze parti incaricate del trattamento dei dati<\/h3><div class='special-heading-border'><div class='special-heading-inner-border' ><\/div><\/div><\/div><br \/>\n<section class=\"av_textblock_section \"  itemscope=\"itemscope\" itemtype=\"https:\/\/schema.org\/CreativeWork\" ><div class='avia_textblock  '   itemprop=\"text\" ><p>Per trattare i dati personali dell\u2019utente il sito si affida a fornitori esterni con sede negli Stati Uniti, che certificano di rispettare sia la legislazione americana che quella europea in materia di protezione dei dati personali:<\/p>\n<ul>\n<li>Google (<a href=\"https:\/\/www.google.com\/intl\/en-GB\/policies\/privacy\/\">Privacy policy<\/a>)<\/li>\n<\/ul>\n<\/div><\/section><br \/>\n<div  style='padding-bottom:10px; ' class='av-special-heading av-special-heading-h3  blockquote modern-quote  avia-builder-el-19  el_after_av_textblock  el_before_av_textblock  '><h3 class='av-special-heading-tag '  itemprop=\"headline\"  >Responsabile della sicurezza dei dati<\/h3><div class='special-heading-border'><div class='special-heading-inner-border' ><\/div><\/div><\/div><br \/>\n<section class=\"av_textblock_section \"  itemscope=\"itemscope\" itemtype=\"https:\/\/schema.org\/CreativeWork\" ><div class='avia_textblock  '   itemprop=\"text\" ><\/div><\/section><br \/>\n<div  style='padding-bottom:10px; ' class='av-special-heading av-special-heading-h3  blockquote modern-quote  avia-builder-el-21  el_after_av_textblock  el_before_av_textblock  '><h3 class='av-special-heading-tag '  itemprop=\"headline\"  >Progettazione<\/h3><div class='special-heading-border'><div class='special-heading-inner-border' ><\/div><\/div><\/div><br \/>\n<section class=\"av_textblock_section \"  itemscope=\"itemscope\" itemtype=\"https:\/\/schema.org\/CreativeWork\" ><div class='avia_textblock  '   itemprop=\"text\" ><p><a href=\"http:\/\/www.bb-b.net\" target=\"_blank\" rel=\"noopener noreferrer\">Agence bb&#038;b<\/a><\/p>\n<p>22 rue soleillet<br \/>\n75020 Paris<br \/>\nFrancia<\/p>\n<\/div><\/section><br \/>\n<div  style='padding-bottom:10px; ' class='av-special-heading av-special-heading-h3  blockquote modern-quote  avia-builder-el-23  el_after_av_textblock  el_before_av_textblock  '><h3 class='av-special-heading-tag '  itemprop=\"headline\"  >Crediti fotografici<\/h3><div class='special-heading-border'><div class='special-heading-inner-border' ><\/div><\/div><\/div><br \/>\n<section class=\"av_textblock_section \"  itemscope=\"itemscope\" itemtype=\"https:\/\/schema.org\/CreativeWork\" ><div class='avia_textblock  '   itemprop=\"text\" ><p><a href=\"http:\/\/www.divergence-images.com\/gael-kerbaol\/portfolios.html\">Ga\u00ebl Kerbaol<\/a><\/p>\n<\/div><\/section><\/p><\/div><\/p>\n","protected":false},"excerpt":{"rendered":"","protected":false},"author":1,"featured_media":0,"parent":0,"menu_order":7,"comment_status":"closed","ping_status":"closed","template":"","meta":{"footnotes":""},"class_list":["post-2596","page","type-page","status-publish","hentry"],"yoast_head":"<!-- This site is optimized with the Yoast SEO plugin v15.1.1 - https:\/\/yoast.com\/wordpress\/plugins\/seo\/ -->\n<title>Note legali - Frenehard &amp; Michaux<\/title>\n<meta name=\"robots\" content=\"noindex, follow, max-snippet:-1, max-image-preview:large, max-video-preview:-1\" \/>\n<meta property=\"og:locale\" content=\"it_IT\" \/>\n<meta property=\"og:type\" content=\"article\" \/>\n<meta property=\"og:title\" content=\"Note legali - Frenehard &amp; Michaux\" \/>\n<meta property=\"og:url\" content=\"https:\/\/frenehard-michaux.bb-b.net\/it\/note-legali\/\" \/>\n<meta property=\"og:site_name\" content=\"Frenehard &amp; Michaux\" \/>\n<meta property=\"article:publisher\" content=\"https:\/\/www.facebook.com\/ets.frenehard.michaux?fref=ts\" \/>\n<meta name=\"twitter:card\" content=\"summary\" \/>\n<meta name=\"twitter:creator\" content=\"@Ets_FM\" \/>\n<meta name=\"twitter:site\" content=\"@Ets_FM\" \/>\n<script type=\"application\/ld+json\" class=\"yoast-schema-graph\">{\"@context\":\"https:\/\/schema.org\",\"@graph\":[{\"@type\":\"Organization\",\"@id\":\"https:\/\/frenehard-michaux.bb-b.net\/it\/#organization\",\"name\":\"Frenehard & Michaux\",\"url\":\"https:\/\/frenehard-michaux.bb-b.net\/it\/\",\"sameAs\":[\"https:\/\/www.facebook.com\/ets.frenehard.michaux?fref=ts\",\"https:\/\/fr.linkedin.com\/company\/frenehard-&amp;-michaux\",\"https:\/\/www.youtube.com\/channel\/UC79q9bYcPAxDUTFrqHPLOFA\",\"https:\/\/twitter.com\/Ets_FM\"],\"logo\":{\"@type\":\"ImageObject\",\"@id\":\"https:\/\/frenehard-michaux.bb-b.net\/it\/#logo\",\"inLanguage\":\"it-IT\",\"url\":\"https:\/\/frenehard-michaux.bb-b.net\/wp-content\/uploads\/2017\/02\/Logo_Frenehard-Michaux-2.png\",\"width\":680,\"height\":138,\"caption\":\"Frenehard & Michaux\"},\"image\":{\"@id\":\"https:\/\/frenehard-michaux.bb-b.net\/it\/#logo\"}},{\"@type\":\"WebSite\",\"@id\":\"https:\/\/frenehard-michaux.bb-b.net\/it\/#website\",\"url\":\"https:\/\/frenehard-michaux.bb-b.net\/it\/\",\"name\":\"Frenehard &amp; Michaux\",\"description\":\"Artub, Comabi, Fr\\u00e9n\\u00e9hard, Roy, S\\u00e9curigard, Skyworks, Tendo, Tubesca\",\"publisher\":{\"@id\":\"https:\/\/frenehard-michaux.bb-b.net\/it\/#organization\"},\"potentialAction\":[{\"@type\":\"SearchAction\",\"target\":\"https:\/\/frenehard-michaux.bb-b.net\/it\/?s={search_term_string}\",\"query-input\":\"required name=search_term_string\"}],\"inLanguage\":\"it-IT\"},{\"@type\":\"WebPage\",\"@id\":\"https:\/\/frenehard-michaux.bb-b.net\/it\/note-legali\/#webpage\",\"url\":\"https:\/\/frenehard-michaux.bb-b.net\/it\/note-legali\/\",\"name\":\"Note legali - Frenehard &amp; Michaux\",\"isPartOf\":{\"@id\":\"https:\/\/frenehard-michaux.bb-b.net\/it\/#website\"},\"datePublished\":\"2020-11-04T09:34:26+00:00\",\"dateModified\":\"2020-11-04T09:34:26+00:00\",\"inLanguage\":\"it-IT\",\"potentialAction\":[{\"@type\":\"ReadAction\",\"target\":[\"https:\/\/frenehard-michaux.bb-b.net\/it\/note-legali\/\"]}]}]}<\/script>\n<!-- \/ Yoast SEO plugin. -->","_links":{"self":[{"href":"https:\/\/frenehard-michaux.bb-b.net\/it\/wp-json\/wp\/v2\/pages\/2596","targetHints":{"allow":["GET"]}}],"collection":[{"href":"https:\/\/frenehard-michaux.bb-b.net\/it\/wp-json\/wp\/v2\/pages"}],"about":[{"href":"https:\/\/frenehard-michaux.bb-b.net\/it\/wp-json\/wp\/v2\/types\/page"}],"author":[{"embeddable":true,"href":"https:\/\/frenehard-michaux.bb-b.net\/it\/wp-json\/wp\/v2\/users\/1"}],"replies":[{"embeddable":true,"href":"https:\/\/frenehard-michaux.bb-b.net\/it\/wp-json\/wp\/v2\/comments?post=2596"}],"version-history":[{"count":2,"href":"https:\/\/frenehard-michaux.bb-b.net\/it\/wp-json\/wp\/v2\/pages\/2596\/revisions"}],"predecessor-version":[{"id":2598,"href":"https:\/\/frenehard-michaux.bb-b.net\/it\/wp-json\/wp\/v2\/pages\/2596\/revisions\/2598"}],"wp:attachment":[{"href":"https:\/\/frenehard-michaux.bb-b.net\/it\/wp-json\/wp\/v2\/media?parent=2596"}],"curies":[{"name":"wp","href":"https:\/\/api.w.org\/{rel}","templated":true}]}}